{"id":854,"date":"2017-04-26T07:57:41","date_gmt":"2017-04-26T05:57:41","guid":{"rendered":"http:\/\/www.malschule-deggendorf.de\/sipero\/?page_id=854"},"modified":"2017-09-19T15:30:16","modified_gmt":"2017-09-19T13:30:16","slug":"band","status":"publish","type":"page","link":"http:\/\/www.malschule-deggendorf.de\/sipero\/band\/","title":{"rendered":"Band"},"content":{"rendered":"<div id=\"attachment_71\" class=\"wp-caption alignnone\" style=\"width: 539px\"><img loading=\"lazy\" decoding=\"async\" src=\"http:\/\/www.malschule-deggendorf.de\/sipero\/wp-content\/uploads\/2013\/05\/sipero4.jpg\" alt=\"\" width=\"539\" height=\"720\" \/><p class=\"wp-caption-text\">Robert Eid<\/p><\/div>\n<h3 style=\"text-align: left;\">ROBERT &#8211; GESANG, GITARRE<\/h3>\n<p>Mit dem Gitarristen und Band Leader Robert Eid, mit \u00fcber 40 Jahren B\u00fchnenerfahrung, wird das Trio mehr als bereichert. Die Referenzen von Robert und seinen Band`s wie den \u201eBeat Boys\u201c, \u201eHeartbreakers\u201c oder den \u201eFriends Of Music\u201c lesen sich wie das \u201eWho is Who\u201c der niederbayerischen Musikgeschichte. Bei Roberts Erinnerungen an Elvis werden Sie in die sechziger Jahre versetzt.<\/p>\n<div id=\"attachment_72\" class=\"wp-caption alignnone\" style=\"width: 539px\"><img loading=\"lazy\" decoding=\"async\" src=\"http:\/\/www.malschule-deggendorf.de\/sipero\/wp-content\/uploads\/2013\/05\/sipero5.jpg\" alt=\"\" width=\"539\" height=\"720\" \/><p class=\"wp-caption-text\">Peter Rietz<\/p><\/div>\n<h3 style=\"text-align: left;\">PETER\u00a0&#8211; GESANG,\u00a0KEYBOARD<\/h3>\n<p>Keyboarder Peter steht schon seit seinem zehnten Lebensjahr auf der B\u00fchne. Er war damals in seiner urspr\u00fcnglichen Heimat, am Bodensee, \u00fcber die Grenzen bis in die Schweiz und \u00d6sterreich bekannt. Peter f\u00fchrt sie als erfahrener Moderator auch gerne kurzweilig durch Ihr Abendprogramm. Ob Firmenfeier oder Modenschau, mit seiner ebenfalls \u00fcber drei\u00dfigj\u00e4hrigen B\u00fchnenerfahrung pr\u00e4sentiert er Ihre Veranstaltung in dem passend, professionellen Rahmen.<\/p>\n<div id=\"attachment_825\" class=\"wp-caption alignnone\" style=\"width: 539px\"><img loading=\"lazy\" decoding=\"async\" src=\"http:\/\/www.malschule-deggendorf.de\/sipero\/wp-content\/uploads\/sipero-sonja-plenk.jpg\" alt=\"\" width=\"539\" height=\"720\" \/><p class=\"wp-caption-text\">Sonja Plenk<\/p><\/div>\n<h3 style=\"text-align: left;\">SONJA\u00a0&#8211; GESANG<\/h3>\n<p>Die charmante S\u00e4ngerin Sonja verzeichnet ebenfalls \u00fcber Jahrzehnte lange B\u00fchnenerfahrung.<br \/>\nUnter anderem auch im professionellen Showbereich.<br \/>\nMit Ihrem universellen Stimmtimbre, von Connie Francis bis Tina Turner rundet sie das Trio ab.<br \/>\nDas sympatische, aus dem Bayerischen Wald stammende M\u00e4del, sorgte schon als Kind f\u00fcr Aufmerksamkeit wenn sie zu singen begann\u2026unter anderem auch jodeln.<\/p>\n<p>Auf der B\u00fchne bringt sie Ihre Ges\u00e4nge mit sp\u00fcrbarer Liebe zur Musik zum Publikum.<\/p>\n","protected":false},"excerpt":{"rendered":"<p>ROBERT &#8211; GESANG, GITARRE Mit dem Gitarristen und Band Leader Robert Eid, mit \u00fcber 40 Jahren B\u00fchnenerfahrung, wird das Trio mehr als bereichert. Die Referenzen von Robert und seinen Band`s wie den \u201eBeat Boys\u201c, \u201eHeartbreakers\u201c oder den \u201eFriends Of Music\u201c lesen sich wie das \u201eWho is Who\u201c der niederbayerischen Musikgeschichte. Bei Roberts Erinnerungen an Elvis&hellip;<\/p>\n","protected":false},"author":1,"featured_media":0,"parent":0,"menu_order":0,"comment_status":"closed","ping_status":"closed","template":"","meta":{"footnotes":""},"yoast_head":"<!-- This site is optimized with the Yoast SEO plugin v19.6.1 - https:\/\/yoast.com\/wordpress\/plugins\/seo\/ -->\n<title>Sipero - Band - Besetzung Robert Eid, Peter Rietz, Sonja Plenk, Vocals<\/title>\n<meta name=\"description\" content=\"Sipero, Band, Bandbesetzung, Hochzeitsband, Eventband, Tanzband, Vollblut-Musiker, Gesang, Keyboard, Gitarre, Bass, Raum Niederbayern\" \/>\n<meta name=\"robots\" content=\"index, follow, max-snippet:-1, max-image-preview:large, max-video-preview:-1\" \/>\n<link rel=\"canonical\" href=\"http:\/\/www.malschule-deggendorf.de\/sipero\/band\/\" \/>\n<meta property=\"og:locale\" content=\"de_DE\" \/>\n<meta property=\"og:type\" content=\"article\" \/>\n<meta property=\"og:title\" content=\"Sipero - Band - Besetzung Robert Eid, Peter Rietz, Sonja Plenk, Vocals\" \/>\n<meta property=\"og:description\" content=\"Sipero, Band, Bandbesetzung, Hochzeitsband, Eventband, Tanzband, Vollblut-Musiker, Gesang, Keyboard, Gitarre, Bass, Raum Niederbayern\" \/>\n<meta property=\"og:url\" content=\"http:\/\/www.malschule-deggendorf.de\/sipero\/band\/\" \/>\n<meta property=\"og:site_name\" content=\"sipero\" \/>\n<meta property=\"article:modified_time\" content=\"2017-09-19T13:30:16+00:00\" \/>\n<meta property=\"og:image\" content=\"http:\/\/www.malschule-deggendorf.de\/sipero\/wp-content\/uploads\/2013\/05\/sipero4.jpg\" \/>\n<meta name=\"twitter:label1\" content=\"Gesch\u00e4tzte Lesezeit\" \/>\n\t<meta name=\"twitter:data1\" content=\"1\u00a0Minute\" \/>\n<script type=\"application\/ld+json\" class=\"yoast-schema-graph\">{\"@context\":\"https:\/\/schema.org\",\"@graph\":[{\"@type\":\"WebPage\",\"@id\":\"http:\/\/www.malschule-deggendorf.de\/sipero\/band\/\",\"url\":\"http:\/\/www.malschule-deggendorf.de\/sipero\/band\/\",\"name\":\"Sipero - Band - Besetzung Robert Eid, Peter Rietz, Sonja Plenk, Vocals\",\"isPartOf\":{\"@id\":\"http:\/\/www.malschule-deggendorf.de\/sipero\/#website\"},\"datePublished\":\"2017-04-26T05:57:41+00:00\",\"dateModified\":\"2017-09-19T13:30:16+00:00\",\"description\":\"Sipero, Band, Bandbesetzung, Hochzeitsband, Eventband, Tanzband, Vollblut-Musiker, Gesang, Keyboard, Gitarre, Bass, Raum Niederbayern\",\"breadcrumb\":{\"@id\":\"http:\/\/www.malschule-deggendorf.de\/sipero\/band\/#breadcrumb\"},\"inLanguage\":\"de\",\"potentialAction\":[{\"@type\":\"ReadAction\",\"target\":[\"http:\/\/www.malschule-deggendorf.de\/sipero\/band\/\"]}]},{\"@type\":\"BreadcrumbList\",\"@id\":\"http:\/\/www.malschule-deggendorf.de\/sipero\/band\/#breadcrumb\",\"itemListElement\":[{\"@type\":\"ListItem\",\"position\":1,\"name\":\"Band\"}]},{\"@type\":\"WebSite\",\"@id\":\"http:\/\/www.malschule-deggendorf.de\/sipero\/#website\",\"url\":\"http:\/\/www.malschule-deggendorf.de\/sipero\/\",\"name\":\"sipero\",\"description\":\"Hochzeitsband, Eventband, Tanzband\",\"potentialAction\":[{\"@type\":\"SearchAction\",\"target\":{\"@type\":\"EntryPoint\",\"urlTemplate\":\"http:\/\/www.malschule-deggendorf.de\/sipero\/?s={search_term_string}\"},\"query-input\":\"required name=search_term_string\"}],\"inLanguage\":\"de\"}]}<\/script>\n<!-- \/ Yoast SEO plugin. -->","yoast_head_json":{"title":"Sipero - Band - Besetzung Robert Eid, Peter Rietz, Sonja Plenk, Vocals","description":"Sipero, Band, Bandbesetzung, Hochzeitsband, Eventband, Tanzband, Vollblut-Musiker, Gesang, Keyboard, Gitarre, Bass, Raum Niederbayern","robots":{"index":"index","follow":"follow","max-snippet":"max-snippet:-1","max-image-preview":"max-image-preview:large","max-video-preview":"max-video-preview:-1"},"canonical":"http:\/\/www.malschule-deggendorf.de\/sipero\/band\/","og_locale":"de_DE","og_type":"article","og_title":"Sipero - Band - Besetzung Robert Eid, Peter Rietz, Sonja Plenk, Vocals","og_description":"Sipero, Band, Bandbesetzung, Hochzeitsband, Eventband, Tanzband, Vollblut-Musiker, Gesang, Keyboard, Gitarre, Bass, Raum Niederbayern","og_url":"http:\/\/www.malschule-deggendorf.de\/sipero\/band\/","og_site_name":"sipero","article_modified_time":"2017-09-19T13:30:16+00:00","og_image":[{"url":"http:\/\/www.malschule-deggendorf.de\/sipero\/wp-content\/uploads\/2013\/05\/sipero4.jpg"}],"twitter_misc":{"Gesch\u00e4tzte Lesezeit":"1\u00a0Minute"},"schema":{"@context":"https:\/\/schema.org","@graph":[{"@type":"WebPage","@id":"http:\/\/www.malschule-deggendorf.de\/sipero\/band\/","url":"http:\/\/www.malschule-deggendorf.de\/sipero\/band\/","name":"Sipero - Band - Besetzung Robert Eid, Peter Rietz, Sonja Plenk, Vocals","isPartOf":{"@id":"http:\/\/www.malschule-deggendorf.de\/sipero\/#website"},"datePublished":"2017-04-26T05:57:41+00:00","dateModified":"2017-09-19T13:30:16+00:00","description":"Sipero, Band, Bandbesetzung, Hochzeitsband, Eventband, Tanzband, Vollblut-Musiker, Gesang, Keyboard, Gitarre, Bass, Raum Niederbayern","breadcrumb":{"@id":"http:\/\/www.malschule-deggendorf.de\/sipero\/band\/#breadcrumb"},"inLanguage":"de","potentialAction":[{"@type":"ReadAction","target":["http:\/\/www.malschule-deggendorf.de\/sipero\/band\/"]}]},{"@type":"BreadcrumbList","@id":"http:\/\/www.malschule-deggendorf.de\/sipero\/band\/#breadcrumb","itemListElement":[{"@type":"ListItem","position":1,"name":"Band"}]},{"@type":"WebSite","@id":"http:\/\/www.malschule-deggendorf.de\/sipero\/#website","url":"http:\/\/www.malschule-deggendorf.de\/sipero\/","name":"sipero","description":"Hochzeitsband, Eventband, Tanzband","potentialAction":[{"@type":"SearchAction","target":{"@type":"EntryPoint","urlTemplate":"http:\/\/www.malschule-deggendorf.de\/sipero\/?s={search_term_string}"},"query-input":"required name=search_term_string"}],"inLanguage":"de"}]}},"_links":{"self":[{"href":"http:\/\/www.malschule-deggendorf.de\/sipero\/wp-json\/wp\/v2\/pages\/854"}],"collection":[{"href":"http:\/\/www.malschule-deggendorf.de\/sipero\/wp-json\/wp\/v2\/pages"}],"about":[{"href":"http:\/\/www.malschule-deggendorf.de\/sipero\/wp-json\/wp\/v2\/types\/page"}],"author":[{"embeddable":true,"href":"http:\/\/www.malschule-deggendorf.de\/sipero\/wp-json\/wp\/v2\/users\/1"}],"replies":[{"embeddable":true,"href":"http:\/\/www.malschule-deggendorf.de\/sipero\/wp-json\/wp\/v2\/comments?post=854"}],"version-history":[{"count":0,"href":"http:\/\/www.malschule-deggendorf.de\/sipero\/wp-json\/wp\/v2\/pages\/854\/revisions"}],"wp:attachment":[{"href":"http:\/\/www.malschule-deggendorf.de\/sipero\/wp-json\/wp\/v2\/media?parent=854"}],"curies":[{"name":"wp","href":"https:\/\/api.w.org\/{rel}","templated":true}]}}