{"id":261,"date":"2013-05-22T16:59:41","date_gmt":"2013-05-22T14:59:41","guid":{"rendered":"http:\/\/www.malschule-deggendorf.de\/sipero\/?page_id=261"},"modified":"2021-03-05T21:06:38","modified_gmt":"2021-03-05T19:06:38","slug":"booking","status":"publish","type":"page","link":"http:\/\/www.malschule-deggendorf.de\/sipero\/booking\/","title":{"rendered":"Booking"},"content":{"rendered":"&nbsp;\r\nZur Planung Ihrer Veranstaltung kontaktieren Sie uns bitte per Telefon oder Mail, damit wir Ihnen ein ma\u00dfgeschneidertes, unverbindliches Angebot erstellen k\u00f6nnen.\r\nBuchung und Buchungsanfragen unter:\r\nPeter Rietz\r\ndeneenmusic@web.de\r\n0171 771 90 89\r\nWir melden uns schnellstm\u00f6glich bei Ihnen.\r\nVielen Dank!\r\n<a href=\"mailto:deneenmusic@web.de\" target=\"_self\" rel=\"noopener\">\r\n<img decoding=\"async\" src=\"http:\/\/www.malschule-deggendorf.de\/sipero\/wp-content\/uploads\/booking_sipero_hochzeitsband_eventband_buchen.jpg\" alt=\"booking_sipero_hochzeitsband_eventband_buchen\" \/>\r\n<\/a>","protected":false},"excerpt":{"rendered":"<p>&nbsp; Zur Planung Ihrer Veranstaltung kontaktieren Sie uns bitte per Telefon oder Mail, damit wir Ihnen ein ma\u00dfgeschneidertes, unverbindliches Angebot erstellen k\u00f6nnen. Buchung und Buchungsanfragen unter: Peter Rietz deneenmusic@web.de 0171 771 90 89 Wir melden uns schnellstm\u00f6glich bei Ihnen. Vielen Dank!<\/p>\n","protected":false},"author":1,"featured_media":0,"parent":0,"menu_order":0,"comment_status":"closed","ping_status":"closed","template":"","meta":{"footnotes":""},"yoast_head":"<!-- This site is optimized with the Yoast SEO plugin v19.6.1 - https:\/\/yoast.com\/wordpress\/plugins\/seo\/ -->\n<title>Booking Sipero - Band buchen f\u00fcr Ihren Event, Hochzeiten, Firmenanl\u00e4sse<\/title>\n<meta name=\"description\" content=\"Booking Sipero: Zur Planung Ihrer Veranstaltung kontaktieren Sie uns bitte f\u00fcr ein Angebot. Kontakt unter: deneenmusic@web.de oder Telefon: 01717719089\" \/>\n<meta name=\"robots\" content=\"index, follow, max-snippet:-1, max-image-preview:large, max-video-preview:-1\" \/>\n<link rel=\"canonical\" href=\"https:\/\/www.malschule-deggendorf.de\/sipero\/booking\/\" \/>\n<meta property=\"og:locale\" content=\"de_DE\" \/>\n<meta property=\"og:type\" content=\"article\" \/>\n<meta property=\"og:title\" content=\"Booking Sipero - Band buchen f\u00fcr Ihren Event, Hochzeiten, Firmenanl\u00e4sse\" \/>\n<meta property=\"og:description\" content=\"Booking Sipero: Zur Planung Ihrer Veranstaltung kontaktieren Sie uns bitte f\u00fcr ein Angebot. Kontakt unter: deneenmusic@web.de oder Telefon: 01717719089\" \/>\n<meta property=\"og:url\" content=\"https:\/\/www.malschule-deggendorf.de\/sipero\/booking\/\" \/>\n<meta property=\"og:site_name\" content=\"sipero\" \/>\n<meta property=\"article:modified_time\" content=\"2021-03-05T19:06:38+00:00\" \/>\n<meta property=\"og:image\" content=\"http:\/\/www.malschule-deggendorf.de\/sipero\/wp-content\/uploads\/booking_sipero_hochzeitsband_eventband_buchen.jpg\" \/>\n<script type=\"application\/ld+json\" class=\"yoast-schema-graph\">{\"@context\":\"https:\/\/schema.org\",\"@graph\":[{\"@type\":\"WebPage\",\"@id\":\"https:\/\/www.malschule-deggendorf.de\/sipero\/booking\/\",\"url\":\"https:\/\/www.malschule-deggendorf.de\/sipero\/booking\/\",\"name\":\"Booking Sipero - Band buchen f\u00fcr Ihren Event, Hochzeiten, Firmenanl\u00e4sse\",\"isPartOf\":{\"@id\":\"http:\/\/www.malschule-deggendorf.de\/sipero\/#website\"},\"datePublished\":\"2013-05-22T14:59:41+00:00\",\"dateModified\":\"2021-03-05T19:06:38+00:00\",\"description\":\"Booking Sipero: Zur Planung Ihrer Veranstaltung kontaktieren Sie uns bitte f\u00fcr ein Angebot. Kontakt unter: deneenmusic@web.de oder Telefon: 01717719089\",\"breadcrumb\":{\"@id\":\"https:\/\/www.malschule-deggendorf.de\/sipero\/booking\/#breadcrumb\"},\"inLanguage\":\"de\",\"potentialAction\":[{\"@type\":\"ReadAction\",\"target\":[\"https:\/\/www.malschule-deggendorf.de\/sipero\/booking\/\"]}]},{\"@type\":\"BreadcrumbList\",\"@id\":\"https:\/\/www.malschule-deggendorf.de\/sipero\/booking\/#breadcrumb\",\"itemListElement\":[{\"@type\":\"ListItem\",\"position\":1,\"name\":\"Booking\"}]},{\"@type\":\"WebSite\",\"@id\":\"http:\/\/www.malschule-deggendorf.de\/sipero\/#website\",\"url\":\"http:\/\/www.malschule-deggendorf.de\/sipero\/\",\"name\":\"sipero\",\"description\":\"Hochzeitsband, Eventband, Tanzband\",\"potentialAction\":[{\"@type\":\"SearchAction\",\"target\":{\"@type\":\"EntryPoint\",\"urlTemplate\":\"http:\/\/www.malschule-deggendorf.de\/sipero\/?s={search_term_string}\"},\"query-input\":\"required name=search_term_string\"}],\"inLanguage\":\"de\"}]}<\/script>\n<!-- \/ Yoast SEO plugin. -->","yoast_head_json":{"title":"Booking Sipero - Band buchen f\u00fcr Ihren Event, Hochzeiten, Firmenanl\u00e4sse","description":"Booking Sipero: Zur Planung Ihrer Veranstaltung kontaktieren Sie uns bitte f\u00fcr ein Angebot. Kontakt unter: deneenmusic@web.de oder Telefon: 01717719089","robots":{"index":"index","follow":"follow","max-snippet":"max-snippet:-1","max-image-preview":"max-image-preview:large","max-video-preview":"max-video-preview:-1"},"canonical":"https:\/\/www.malschule-deggendorf.de\/sipero\/booking\/","og_locale":"de_DE","og_type":"article","og_title":"Booking Sipero - Band buchen f\u00fcr Ihren Event, Hochzeiten, Firmenanl\u00e4sse","og_description":"Booking Sipero: Zur Planung Ihrer Veranstaltung kontaktieren Sie uns bitte f\u00fcr ein Angebot. Kontakt unter: deneenmusic@web.de oder Telefon: 01717719089","og_url":"https:\/\/www.malschule-deggendorf.de\/sipero\/booking\/","og_site_name":"sipero","article_modified_time":"2021-03-05T19:06:38+00:00","og_image":[{"url":"http:\/\/www.malschule-deggendorf.de\/sipero\/wp-content\/uploads\/booking_sipero_hochzeitsband_eventband_buchen.jpg"}],"schema":{"@context":"https:\/\/schema.org","@graph":[{"@type":"WebPage","@id":"https:\/\/www.malschule-deggendorf.de\/sipero\/booking\/","url":"https:\/\/www.malschule-deggendorf.de\/sipero\/booking\/","name":"Booking Sipero - Band buchen f\u00fcr Ihren Event, Hochzeiten, Firmenanl\u00e4sse","isPartOf":{"@id":"http:\/\/www.malschule-deggendorf.de\/sipero\/#website"},"datePublished":"2013-05-22T14:59:41+00:00","dateModified":"2021-03-05T19:06:38+00:00","description":"Booking Sipero: Zur Planung Ihrer Veranstaltung kontaktieren Sie uns bitte f\u00fcr ein Angebot. Kontakt unter: deneenmusic@web.de oder Telefon: 01717719089","breadcrumb":{"@id":"https:\/\/www.malschule-deggendorf.de\/sipero\/booking\/#breadcrumb"},"inLanguage":"de","potentialAction":[{"@type":"ReadAction","target":["https:\/\/www.malschule-deggendorf.de\/sipero\/booking\/"]}]},{"@type":"BreadcrumbList","@id":"https:\/\/www.malschule-deggendorf.de\/sipero\/booking\/#breadcrumb","itemListElement":[{"@type":"ListItem","position":1,"name":"Booking"}]},{"@type":"WebSite","@id":"http:\/\/www.malschule-deggendorf.de\/sipero\/#website","url":"http:\/\/www.malschule-deggendorf.de\/sipero\/","name":"sipero","description":"Hochzeitsband, Eventband, Tanzband","potentialAction":[{"@type":"SearchAction","target":{"@type":"EntryPoint","urlTemplate":"http:\/\/www.malschule-deggendorf.de\/sipero\/?s={search_term_string}"},"query-input":"required name=search_term_string"}],"inLanguage":"de"}]}},"_links":{"self":[{"href":"http:\/\/www.malschule-deggendorf.de\/sipero\/wp-json\/wp\/v2\/pages\/261"}],"collection":[{"href":"http:\/\/www.malschule-deggendorf.de\/sipero\/wp-json\/wp\/v2\/pages"}],"about":[{"href":"http:\/\/www.malschule-deggendorf.de\/sipero\/wp-json\/wp\/v2\/types\/page"}],"author":[{"embeddable":true,"href":"http:\/\/www.malschule-deggendorf.de\/sipero\/wp-json\/wp\/v2\/users\/1"}],"replies":[{"embeddable":true,"href":"http:\/\/www.malschule-deggendorf.de\/sipero\/wp-json\/wp\/v2\/comments?post=261"}],"version-history":[{"count":1,"href":"http:\/\/www.malschule-deggendorf.de\/sipero\/wp-json\/wp\/v2\/pages\/261\/revisions"}],"predecessor-version":[{"id":1132,"href":"http:\/\/www.malschule-deggendorf.de\/sipero\/wp-json\/wp\/v2\/pages\/261\/revisions\/1132"}],"wp:attachment":[{"href":"http:\/\/www.malschule-deggendorf.de\/sipero\/wp-json\/wp\/v2\/media?parent=261"}],"curies":[{"name":"wp","href":"https:\/\/api.w.org\/{rel}","templated":true}]}}