{"id":11,"date":"2013-05-14T23:01:45","date_gmt":"2013-05-14T21:01:45","guid":{"rendered":"http:\/\/www.malschule-deggendorf.de\/sipero\/?page_id=11"},"modified":"2021-03-05T20:52:32","modified_gmt":"2021-03-05T18:52:32","slug":"startseite","status":"publish","type":"page","link":"http:\/\/www.malschule-deggendorf.de\/sipero\/","title":{"rendered":"Home"},"content":{"rendered":"&nbsp;\r\n<h2 style=\"text-align: center;\">HERZLICH WILLKOMMEN BEI SIPERO<\/h2>\r\n<h3 style=\"text-align: center;\"><strong><img loading=\"lazy\" decoding=\"async\" src=\"http:\/\/www.malschule-deggendorf.de\/sipero\/wp-content\/uploads\/sipero-2017-hochzeitsband-eventband.jpg\" alt=\"\" width=\"651\" height=\"767\" \/><\/strong><\/h3>\r\n&nbsp;\r\n<h3>SIPERO steht f\u00fcr erstklassiges Musikentertainment mit Interpretationen von Schlagern, Tanzklassikern, Oldies und\u00a0Evergreens.<\/h3>\r\nWir unterhalten unser Publikum mit bekannten Musikst\u00fccken der letzten 50 Jahre. Mit unserem breiten Repertoire an\u00a0Party- und Tanzmusik und stilvoller Untermalung von Events mit Instrumentalst\u00fccken begeistern wir sowohl G\u00e4ste als auch Veranstalter.\u00a0Sie finden uns auf Events, Hochzeiten, Tanzveranstaltungen,\u00a0Messen und Privatanl\u00e4ssen.\r\n\r\nIhre Band\u00a0SIPERO\r\n\r\nSONJA, PETER und ROBERT","protected":false},"excerpt":{"rendered":"<p>&nbsp; HERZLICH WILLKOMMEN BEI SIPERO &nbsp; SIPERO steht f\u00fcr erstklassiges Musikentertainment mit Interpretationen von Schlagern, Tanzklassikern, Oldies und\u00a0Evergreens. Wir unterhalten unser Publikum mit bekannten Musikst\u00fccken der letzten 50 Jahre. Mit unserem breiten Repertoire an\u00a0Party- und Tanzmusik und stilvoller Untermalung von Events mit Instrumentalst\u00fccken begeistern wir sowohl G\u00e4ste als auch Veranstalter.\u00a0Sie finden uns auf Events, Hochzeiten,&hellip;<\/p>\n","protected":false},"author":1,"featured_media":0,"parent":0,"menu_order":0,"comment_status":"closed","ping_status":"closed","template":"","meta":{"footnotes":""},"yoast_head":"<!-- This site is optimized with the Yoast SEO plugin v19.6.1 - https:\/\/yoast.com\/wordpress\/plugins\/seo\/ -->\n<title>Home Sipero, Ihre Hochzeits-und Eventband f\u00fcr alle Anl\u00e4sse<\/title>\n<meta name=\"description\" content=\"Home, Sipero, Party- und Tanzmusik, Untermalung mit Instrumentalst\u00fccken Events, Hochzeiten, Tanzveranstaltungen, Messen, Privatanl\u00e4sse, Firmenevents\" \/>\n<meta name=\"robots\" content=\"index, follow, max-snippet:-1, max-image-preview:large, max-video-preview:-1\" \/>\n<link rel=\"canonical\" href=\"http:\/\/www.malschule-deggendorf.de\/sipero\/\" \/>\n<meta property=\"og:locale\" content=\"de_DE\" \/>\n<meta property=\"og:type\" content=\"article\" \/>\n<meta property=\"og:title\" content=\"Home Sipero, Ihre Hochzeits-und Eventband f\u00fcr alle Anl\u00e4sse\" \/>\n<meta property=\"og:description\" content=\"Home, Sipero, Party- und Tanzmusik, Untermalung mit Instrumentalst\u00fccken Events, Hochzeiten, Tanzveranstaltungen, Messen, Privatanl\u00e4sse, Firmenevents\" \/>\n<meta property=\"og:url\" content=\"http:\/\/www.malschule-deggendorf.de\/sipero\/\" \/>\n<meta property=\"og:site_name\" content=\"sipero\" \/>\n<meta property=\"article:modified_time\" content=\"2021-03-05T18:52:32+00:00\" \/>\n<meta property=\"og:image\" content=\"http:\/\/www.malschule-deggendorf.de\/sipero\/wp-content\/uploads\/sipero-2017-hochzeitsband-eventband.jpg\" \/>\n<script type=\"application\/ld+json\" class=\"yoast-schema-graph\">{\"@context\":\"https:\/\/schema.org\",\"@graph\":[{\"@type\":\"WebPage\",\"@id\":\"http:\/\/www.malschule-deggendorf.de\/sipero\/\",\"url\":\"http:\/\/www.malschule-deggendorf.de\/sipero\/\",\"name\":\"Home Sipero, Ihre Hochzeits-und Eventband f\u00fcr alle Anl\u00e4sse\",\"isPartOf\":{\"@id\":\"http:\/\/www.malschule-deggendorf.de\/sipero\/#website\"},\"datePublished\":\"2013-05-14T21:01:45+00:00\",\"dateModified\":\"2021-03-05T18:52:32+00:00\",\"description\":\"Home, Sipero, Party- und Tanzmusik, Untermalung mit Instrumentalst\u00fccken Events, Hochzeiten, Tanzveranstaltungen, Messen, Privatanl\u00e4sse, Firmenevents\",\"breadcrumb\":{\"@id\":\"http:\/\/www.malschule-deggendorf.de\/sipero\/#breadcrumb\"},\"inLanguage\":\"de\",\"potentialAction\":[{\"@type\":\"ReadAction\",\"target\":[\"http:\/\/www.malschule-deggendorf.de\/sipero\/\"]}]},{\"@type\":\"BreadcrumbList\",\"@id\":\"http:\/\/www.malschule-deggendorf.de\/sipero\/#breadcrumb\",\"itemListElement\":[{\"@type\":\"ListItem\",\"position\":1,\"name\":\"Home\"}]},{\"@type\":\"WebSite\",\"@id\":\"http:\/\/www.malschule-deggendorf.de\/sipero\/#website\",\"url\":\"http:\/\/www.malschule-deggendorf.de\/sipero\/\",\"name\":\"sipero\",\"description\":\"Hochzeitsband, Eventband, Tanzband\",\"potentialAction\":[{\"@type\":\"SearchAction\",\"target\":{\"@type\":\"EntryPoint\",\"urlTemplate\":\"http:\/\/www.malschule-deggendorf.de\/sipero\/?s={search_term_string}\"},\"query-input\":\"required name=search_term_string\"}],\"inLanguage\":\"de\"}]}<\/script>\n<!-- \/ Yoast SEO plugin. -->","yoast_head_json":{"title":"Home Sipero, Ihre Hochzeits-und Eventband f\u00fcr alle Anl\u00e4sse","description":"Home, Sipero, Party- und Tanzmusik, Untermalung mit Instrumentalst\u00fccken Events, Hochzeiten, Tanzveranstaltungen, Messen, Privatanl\u00e4sse, Firmenevents","robots":{"index":"index","follow":"follow","max-snippet":"max-snippet:-1","max-image-preview":"max-image-preview:large","max-video-preview":"max-video-preview:-1"},"canonical":"http:\/\/www.malschule-deggendorf.de\/sipero\/","og_locale":"de_DE","og_type":"article","og_title":"Home Sipero, Ihre Hochzeits-und Eventband f\u00fcr alle Anl\u00e4sse","og_description":"Home, Sipero, Party- und Tanzmusik, Untermalung mit Instrumentalst\u00fccken Events, Hochzeiten, Tanzveranstaltungen, Messen, Privatanl\u00e4sse, Firmenevents","og_url":"http:\/\/www.malschule-deggendorf.de\/sipero\/","og_site_name":"sipero","article_modified_time":"2021-03-05T18:52:32+00:00","og_image":[{"url":"http:\/\/www.malschule-deggendorf.de\/sipero\/wp-content\/uploads\/sipero-2017-hochzeitsband-eventband.jpg"}],"schema":{"@context":"https:\/\/schema.org","@graph":[{"@type":"WebPage","@id":"http:\/\/www.malschule-deggendorf.de\/sipero\/","url":"http:\/\/www.malschule-deggendorf.de\/sipero\/","name":"Home Sipero, Ihre Hochzeits-und Eventband f\u00fcr alle Anl\u00e4sse","isPartOf":{"@id":"http:\/\/www.malschule-deggendorf.de\/sipero\/#website"},"datePublished":"2013-05-14T21:01:45+00:00","dateModified":"2021-03-05T18:52:32+00:00","description":"Home, Sipero, Party- und Tanzmusik, Untermalung mit Instrumentalst\u00fccken Events, Hochzeiten, Tanzveranstaltungen, Messen, Privatanl\u00e4sse, Firmenevents","breadcrumb":{"@id":"http:\/\/www.malschule-deggendorf.de\/sipero\/#breadcrumb"},"inLanguage":"de","potentialAction":[{"@type":"ReadAction","target":["http:\/\/www.malschule-deggendorf.de\/sipero\/"]}]},{"@type":"BreadcrumbList","@id":"http:\/\/www.malschule-deggendorf.de\/sipero\/#breadcrumb","itemListElement":[{"@type":"ListItem","position":1,"name":"Home"}]},{"@type":"WebSite","@id":"http:\/\/www.malschule-deggendorf.de\/sipero\/#website","url":"http:\/\/www.malschule-deggendorf.de\/sipero\/","name":"sipero","description":"Hochzeitsband, Eventband, Tanzband","potentialAction":[{"@type":"SearchAction","target":{"@type":"EntryPoint","urlTemplate":"http:\/\/www.malschule-deggendorf.de\/sipero\/?s={search_term_string}"},"query-input":"required name=search_term_string"}],"inLanguage":"de"}]}},"_links":{"self":[{"href":"http:\/\/www.malschule-deggendorf.de\/sipero\/wp-json\/wp\/v2\/pages\/11"}],"collection":[{"href":"http:\/\/www.malschule-deggendorf.de\/sipero\/wp-json\/wp\/v2\/pages"}],"about":[{"href":"http:\/\/www.malschule-deggendorf.de\/sipero\/wp-json\/wp\/v2\/types\/page"}],"author":[{"embeddable":true,"href":"http:\/\/www.malschule-deggendorf.de\/sipero\/wp-json\/wp\/v2\/users\/1"}],"replies":[{"embeddable":true,"href":"http:\/\/www.malschule-deggendorf.de\/sipero\/wp-json\/wp\/v2\/comments?post=11"}],"version-history":[{"count":1,"href":"http:\/\/www.malschule-deggendorf.de\/sipero\/wp-json\/wp\/v2\/pages\/11\/revisions"}],"predecessor-version":[{"id":1127,"href":"http:\/\/www.malschule-deggendorf.de\/sipero\/wp-json\/wp\/v2\/pages\/11\/revisions\/1127"}],"wp:attachment":[{"href":"http:\/\/www.malschule-deggendorf.de\/sipero\/wp-json\/wp\/v2\/media?parent=11"}],"curies":[{"name":"wp","href":"https:\/\/api.w.org\/{rel}","templated":true}]}}